{"id":3019,"date":"2011-06-06T03:03:34","date_gmt":"2011-06-06T01:03:34","guid":{"rendered":"http:\/\/lafrancepue.org\/wordpress\/?page_id=3019"},"modified":"2017-08-17T02:56:35","modified_gmt":"2017-08-17T00:56:35","slug":"dvd-lfp-volume-2","status":"publish","type":"page","link":"https:\/\/lafrancepue.org\/wordpress\/dvd-lfp-volume-2\/","title":{"rendered":"DVD LFP VOLUME 2"},"content":{"rendered":"<p><img loading=\"lazy\" decoding=\"async\" class=\"size-large aligncenter\" src=\"https:\/\/lafrancepue.org\/wordpress\/wp-content\/uploads\/2009\/09\/pochetterecto1-300x300.jpg\" width=\"300\" height=\"300\" \/><\/p>\n<p>Le DVD LFP Volume 2, compile des extraits de concerts organis\u00e9s de 1998 \u00e0 2010. Dispo dans certains concerts de la r\u00e9gion, \u00e0 la Luttine \u00e0 Lyon, l\u00e0 : <a href=\"http:\/\/www.lafrancepue.org\/\">http:\/\/www.lafrancepue.org<\/a> , ou par VPC contre 6.40 euros. Distros, contactez-nous si \u00e7a vous branche.<br \/>\nPochette S\u00e9rigraphi\u00e9e format EP, livret &amp; sticker.<br \/>\nAu sommaire :<br \/>\nAdaptatzia (Kazakhstan) \/ Atomic Tango (Saint\u00e9) \/ Botox in Veins (Saint\u00e9) \/ Brutal Polka (Israel) \/ Chicken&rsquo;s Call (Grenoble) \/ Coche Bomba (Lyon) \/ Container Crusties from Hell (NL) \/ Counter Attack (Belgique) \/ Criminal Damage (US) \/ Crude (Japon) \/ Demokhratia (Alg\u00e9rie) \/ Determination (Autriche) \/ Dir Yassin (Israel) \/ Disbeer (Auch) \/ Electrozombies (Chili) \/ Fleas &amp; lice (NL) \/ Hainemis d&rsquo;Etats (Saint\u00e9) \/ Headwar (Amiens) \/ Jubil\u00e9 (Saint\u00e9) \/ Knuste Ruter (Norvege) \/ Le poulailler (Saorge) \/ Leatherface (UK) \/ Mihoen (NL) \/ Mr T Experience (US) \/ Napalm Dance (Paris-Le Mans) \/ Pcp (NL) \/ Pisschrist (Australie) \/ Primitiv Bunko (Clermont-Fd) \/ Protestera (Su\u00e8de) \/ Provoked (US) \/ Queers (US) \/ SMZB (Chine) \/ Terror y Miseria (Argentine) \/ Unlogistic (Paris) \/ Utopia (Pologne) \/ Visions of war (Belgique) \/ Wasted (Finlande) \/ Wlochaty (Pologne)<\/p>\n","protected":false},"excerpt":{"rendered":"<p>Le DVD LFP Volume 2, compile des extraits de concerts organis\u00e9s de 1998 \u00e0 2010. Dispo dans certains concerts de la r\u00e9gion, \u00e0 la Luttine \u00e0 Lyon, l\u00e0 : http:\/\/www.lafrancepue.org , ou par VPC contre 6.40 euros. Distros, contactez-nous si \u00e7a vous branche. Pochette S\u00e9rigraphi\u00e9e format EP, livret &amp; sticker. Au sommaire : Adaptatzia (Kazakhstan) &hellip; <a href=\"https:\/\/lafrancepue.org\/wordpress\/dvd-lfp-volume-2\/\" class=\"more-link\">Continuer la lecture<span class=\"screen-reader-text\"> de &laquo;&nbsp;DVD LFP VOLUME 2&nbsp;&raquo;<\/span><\/a><\/p>\n","protected":false},"author":1,"featured_media":0,"parent":0,"menu_order":0,"comment_status":"open","ping_status":"open","template":"","meta":{"jetpack_post_was_ever_published":false,"footnotes":""},"class_list":["post-3019","page","type-page","status-publish","hentry"],"jetpack_sharing_enabled":true,"jetpack_shortlink":"https:\/\/wp.me\/P6cwc0-MH","_links":{"self":[{"href":"https:\/\/lafrancepue.org\/wordpress\/wp-json\/wp\/v2\/pages\/3019","targetHints":{"allow":["GET"]}}],"collection":[{"href":"https:\/\/lafrancepue.org\/wordpress\/wp-json\/wp\/v2\/pages"}],"about":[{"href":"https:\/\/lafrancepue.org\/wordpress\/wp-json\/wp\/v2\/types\/page"}],"author":[{"embeddable":true,"href":"https:\/\/lafrancepue.org\/wordpress\/wp-json\/wp\/v2\/users\/1"}],"replies":[{"embeddable":true,"href":"https:\/\/lafrancepue.org\/wordpress\/wp-json\/wp\/v2\/comments?post=3019"}],"version-history":[{"count":1,"href":"https:\/\/lafrancepue.org\/wordpress\/wp-json\/wp\/v2\/pages\/3019\/revisions"}],"predecessor-version":[{"id":7584,"href":"https:\/\/lafrancepue.org\/wordpress\/wp-json\/wp\/v2\/pages\/3019\/revisions\/7584"}],"wp:attachment":[{"href":"https:\/\/lafrancepue.org\/wordpress\/wp-json\/wp\/v2\/media?parent=3019"}],"curies":[{"name":"wp","href":"https:\/\/api.w.org\/{rel}","templated":true}]}}