{"id":344,"date":"2010-03-29T01:14:43","date_gmt":"2010-03-28T23:14:43","guid":{"rendered":"http:\/\/la.france.pue.free.fr\/wordpress\/?page_id=344"},"modified":"2014-09-23T12:56:07","modified_gmt":"2014-09-23T10:56:07","slug":"la-france-pue-le-dvd-volume-1","status":"publish","type":"page","link":"https:\/\/lafrancepue.org\/wordpress\/la-france-pue-le-dvd-volume-1\/","title":{"rendered":"LA FRANCE PUE LE DVD &#8211; VOLUME 1"},"content":{"rendered":"<p style=\"text-align: center;\"><a href=\"http:\/\/lafrancepue.org\/wordpress\/wp-content\/uploads\/2010\/03\/pochette-recto-vignette.jpg\"><img loading=\"lazy\" decoding=\"async\" data-attachment-id=\"4897\" data-permalink=\"https:\/\/lafrancepue.org\/wordpress\/la-france-pue-le-dvd-volume-1\/pochette-recto-vignette-2\/\" data-orig-file=\"https:\/\/lafrancepue.org\/wordpress\/wp-content\/uploads\/2010\/03\/pochette-recto-vignette.jpg\" data-orig-size=\"450,458\" data-comments-opened=\"0\" data-image-meta=\"{&quot;aperture&quot;:&quot;0&quot;,&quot;credit&quot;:&quot;&quot;,&quot;camera&quot;:&quot;&quot;,&quot;caption&quot;:&quot;&quot;,&quot;created_timestamp&quot;:&quot;0&quot;,&quot;copyright&quot;:&quot;&quot;,&quot;focal_length&quot;:&quot;0&quot;,&quot;iso&quot;:&quot;0&quot;,&quot;shutter_speed&quot;:&quot;0&quot;,&quot;title&quot;:&quot;&quot;,&quot;orientation&quot;:&quot;1&quot;}\" data-image-title=\"pochette-recto-vignette\" data-image-description=\"\" data-image-caption=\"\" data-large-file=\"https:\/\/lafrancepue.org\/wordpress\/wp-content\/uploads\/2010\/03\/pochette-recto-vignette.jpg\" class=\"aligncenter size-full wp-image-4897\" src=\"https:\/\/lafrancepue.org\/wordpress\/wp-content\/uploads\/2010\/03\/pochette-recto-vignette.jpg\" alt=\"pochette-recto-vignette\" width=\"450\" height=\"458\" srcset=\"https:\/\/lafrancepue.org\/wordpress\/wp-content\/uploads\/2010\/03\/pochette-recto-vignette.jpg 450w, https:\/\/lafrancepue.org\/wordpress\/wp-content\/uploads\/2010\/03\/pochette-recto-vignette-400x407.jpg 400w, https:\/\/lafrancepue.org\/wordpress\/wp-content\/uploads\/2010\/03\/pochette-recto-vignette-295x300.jpg 295w\" sizes=\"auto, (max-width: 450px) 85vw, 450px\" \/><\/a><\/p>\n<p align=\"left\"><strong> Our first diy Dvd is out now silk-screened cover + booklet + sticker <\/strong><\/p>\n<p align=\"left\"><strong> Notre premier dvd diy est sorti, pochette s\u00e9rigraphi\u00e9e, livret et autollant avec au sommaire<\/strong><\/p>\n<p align=\"left\">MAKILADORAS (NL), ANIMA (F), D.S.B. (Japan), FROM ASHES RISE (US), MUZZLE RIP (F), KOCHISE (F), VOMIT FOR BREAKFAST (F), M.D.C. (US), KYKLOOPIEN SUKUPUUTO (Finland), MUCKCRACKERS S.E. (F), HORR\u00d6R (Spain), CRIPPLE BASTARDS (Italy), NO REST (Brazil), ED WOOD (F), J&rsquo;M&rsquo;EN FOUS (Switzerland), EKKAIA (Spain), STRAIGHT TO HELL (F), COLERA (Brazil), 14 INCHES GENERAL (Germany), BORN\/DEAD (US), CHAOS ZZZ (F), NNY (Switzerland), REVENGERS (F), KLINIKA (Poland), DRUNKEN VENGEANCE BASTARD (F), BURNING HEADS (F), POUPOUILLE ORKESTRA (F), THE HOLY MOUNTAIN (US), LA FRACTION (F), DISKOIRAA (Basque Country), P.A.I.N. (UK), LEXOMYL (F), LOS DOLARES (Venezuela), FACE UP TO IT ! (F), MOLOTOV COCKTAIL (US), HORFIELD SC (F), C.T.B. (F), DURACELL (F), GOOFBALL (F), PARAGRAF 119 (Denmark), INNER TERRESTRIALS (UK), ENDROPHOBIA (Germany).<\/p>\n<p align=\"left\"><strong>PRICE\/PRIX<\/strong> : 5\u20ac<\/p>\n<p align=\"left\">If you want to get it please send an email to silvain at : tranzo_at_free.fr<br \/>\nSi vous souhaitez en commandez un, envoyez un email \u00e0 silvain : tranzo_at_free.fr<\/p>\n<p align=\"left\">Vous pouvez aussi t\u00e9l\u00e9charger une version compress\u00e9e&#8230; N&rsquo;h\u00e9sitez pas \u00e0 la faire tourner si le coeur vous en dit !<\/p>\n<p align=\"left\">If you want to download this dvd please click (or right click &amp; save as&#8230;) on the link below<br \/>\nSi vous souhaitez t\u00e9l\u00e9charger le contenu de ce dvd cliquez (de pr\u00e9f\u00e9rence clic-droit&gt;Enregistrer sous..) juste en dessous :<\/p>\n<p style=\"text-align: left;\"><a href=\"..\/..\/dvd\/DVD_LFP_VOLUME1-version_Web.mp4\">DOWNLOAD<\/a><\/p>\n<p style=\"text-align: left;\">The image-quality of this file is poor so if you want better please buy it. Thanx !<\/p>\n<p style=\"text-align: left;\">This file is an .mp4 file if you have some problems for playing it, try with VLC media Player.<br \/>\nAttention ce fichier est compress\u00e9 au format mp4, si vous avez des difficult\u00e9s de lecture essayez avec VLC Media Player<\/p>\n<p style=\"text-align: left;\"><a href=\"..\/..\/dvd\/pochette-recto.jpg\">POCHETTE\/COVER<\/a><\/p>\n","protected":false},"excerpt":{"rendered":"<p>Our first diy Dvd is out now silk-screened cover + booklet + sticker Notre premier dvd diy est sorti, pochette s\u00e9rigraphi\u00e9e, livret et autollant avec au sommaire MAKILADORAS (NL), ANIMA (F), D.S.B. (Japan), FROM ASHES RISE (US), MUZZLE RIP (F), KOCHISE (F), VOMIT FOR BREAKFAST (F), M.D.C. (US), KYKLOOPIEN SUKUPUUTO (Finland), MUCKCRACKERS S.E. (F), HORR\u00d6R &hellip; <a href=\"https:\/\/lafrancepue.org\/wordpress\/la-france-pue-le-dvd-volume-1\/\" class=\"more-link\">Continuer la lecture<span class=\"screen-reader-text\"> de &laquo;&nbsp;LA FRANCE PUE LE DVD &#8211; VOLUME 1&nbsp;&raquo;<\/span><\/a><\/p>\n","protected":false},"author":1,"featured_media":0,"parent":0,"menu_order":0,"comment_status":"open","ping_status":"open","template":"","meta":{"jetpack_post_was_ever_published":false,"footnotes":""},"class_list":["post-344","page","type-page","status-publish","hentry"],"jetpack_sharing_enabled":true,"jetpack_shortlink":"https:\/\/wp.me\/P6cwc0-5y","_links":{"self":[{"href":"https:\/\/lafrancepue.org\/wordpress\/wp-json\/wp\/v2\/pages\/344","targetHints":{"allow":["GET"]}}],"collection":[{"href":"https:\/\/lafrancepue.org\/wordpress\/wp-json\/wp\/v2\/pages"}],"about":[{"href":"https:\/\/lafrancepue.org\/wordpress\/wp-json\/wp\/v2\/types\/page"}],"author":[{"embeddable":true,"href":"https:\/\/lafrancepue.org\/wordpress\/wp-json\/wp\/v2\/users\/1"}],"replies":[{"embeddable":true,"href":"https:\/\/lafrancepue.org\/wordpress\/wp-json\/wp\/v2\/comments?post=344"}],"version-history":[{"count":3,"href":"https:\/\/lafrancepue.org\/wordpress\/wp-json\/wp\/v2\/pages\/344\/revisions"}],"predecessor-version":[{"id":4898,"href":"https:\/\/lafrancepue.org\/wordpress\/wp-json\/wp\/v2\/pages\/344\/revisions\/4898"}],"wp:attachment":[{"href":"https:\/\/lafrancepue.org\/wordpress\/wp-json\/wp\/v2\/media?parent=344"}],"curies":[{"name":"wp","href":"https:\/\/api.w.org\/{rel}","templated":true}]}}