{"id":6825,"date":"2017-07-31T15:58:16","date_gmt":"2017-07-31T13:58:16","guid":{"rendered":"http:\/\/lafrancepue.org\/wordpress\/?page_id=6825"},"modified":"2017-07-31T15:58:16","modified_gmt":"2017-07-31T13:58:16","slug":"extra","status":"publish","type":"page","link":"https:\/\/lafrancepue.org\/wordpress\/extra\/","title":{"rendered":"EXTRA"},"content":{"rendered":"<h2><strong>PARTIE JEUX<\/strong><\/h2>\n<p><strong>O\u00d9 EST MARIANNE ?<\/strong><\/p>\n<!--Erreur de Youtube : URL incorrecte-->\n<h2><strong>O\u00d9 EST JEAN-GUY ?<\/strong><\/h2>\n<p><a href=\"http:\/\/lafrancepue.org\/wordpress\/wp-content\/uploads\/2009\/09\/charlie.jpg\"><img loading=\"lazy\" decoding=\"async\" data-attachment-id=\"3508\" data-permalink=\"https:\/\/lafrancepue.org\/wordpress\/accueil\/charlie\/\" data-orig-file=\"https:\/\/lafrancepue.org\/wordpress\/wp-content\/uploads\/2009\/09\/charlie.jpg\" data-orig-size=\"1024,688\" data-comments-opened=\"1\" data-image-meta=\"{&quot;aperture&quot;:&quot;8&quot;,&quot;credit&quot;:&quot;JP_Forzani&quot;,&quot;camera&quot;:&quot;NIKON D7000&quot;,&quot;caption&quot;:&quot;????????????????????????????????????&quot;,&quot;created_timestamp&quot;:&quot;1329237168&quot;,&quot;copyright&quot;:&quot;JP_Forzani&quot;,&quot;focal_length&quot;:&quot;65&quot;,&quot;iso&quot;:&quot;1250&quot;,&quot;shutter_speed&quot;:&quot;0.016666666666667&quot;,&quot;title&quot;:&quot;&quot;,&quot;orientation&quot;:&quot;0&quot;}\" data-image-title=\"charlie\" data-image-description=\"\" data-image-caption=\"\" data-large-file=\"https:\/\/lafrancepue.org\/wordpress\/wp-content\/uploads\/2009\/09\/charlie-1024x688.jpg\" class=\"aligncenter wp-image-3508\" title=\"charlie\" src=\"https:\/\/lafrancepue.org\/wordpress\/wp-content\/uploads\/2009\/09\/charlie.jpg\" alt=\"\" width=\"614\" height=\"413\" srcset=\"https:\/\/lafrancepue.org\/wordpress\/wp-content\/uploads\/2009\/09\/charlie.jpg 1024w, https:\/\/lafrancepue.org\/wordpress\/wp-content\/uploads\/2009\/09\/charlie-400x269.jpg 400w, https:\/\/lafrancepue.org\/wordpress\/wp-content\/uploads\/2009\/09\/charlie-300x202.jpg 300w, https:\/\/lafrancepue.org\/wordpress\/wp-content\/uploads\/2009\/09\/charlie-768x516.jpg 768w\" sizes=\"auto, (max-width: 614px) 85vw, 614px\" \/><\/a><\/p>\n<h2><strong>O\u00d9 EST JEAN-CHARLES\u00a0 ?<\/strong><\/h2>\n<p><a href=\"http:\/\/lafrancepue.org\/wordpress\/wp-content\/uploads\/2009\/09\/trash-thierry-roland.jpg\"><img loading=\"lazy\" decoding=\"async\" data-attachment-id=\"3793\" data-permalink=\"https:\/\/lafrancepue.org\/wordpress\/accueil\/trash-thierry-roland\/\" data-orig-file=\"https:\/\/lafrancepue.org\/wordpress\/wp-content\/uploads\/2009\/09\/trash-thierry-roland-scaled.jpg\" data-orig-size=\"2560,1707\" data-comments-opened=\"1\" data-image-meta=\"{&quot;aperture&quot;:&quot;4&quot;,&quot;credit&quot;:&quot;&quot;,&quot;camera&quot;:&quot;Canon EOS 350D DIGITAL&quot;,&quot;caption&quot;:&quot;&quot;,&quot;created_timestamp&quot;:&quot;1180191107&quot;,&quot;copyright&quot;:&quot;&quot;,&quot;focal_length&quot;:&quot;18&quot;,&quot;iso&quot;:&quot;400&quot;,&quot;shutter_speed&quot;:&quot;0.016666666666667&quot;,&quot;title&quot;:&quot;&quot;,&quot;orientation&quot;:&quot;1&quot;}\" data-image-title=\"trash-thierry roland\" data-image-description=\"\" data-image-caption=\"\" data-large-file=\"https:\/\/lafrancepue.org\/wordpress\/wp-content\/uploads\/2009\/09\/trash-thierry-roland-1024x683.jpg\" class=\"aligncenter wp-image-3793\" title=\"trash-thierry roland\" src=\"https:\/\/lafrancepue.org\/wordpress\/wp-content\/uploads\/2009\/09\/trash-thierry-roland-1024x682.jpg\" alt=\"\" width=\"614\" height=\"409\" \/><\/a><\/p>\n<h2><strong>O\u00d9 EST ANNE ?<\/strong><\/h2>\n<p>http:\/\/midi-pyrenees.france3.fr\/2013\/03\/10\/boxe-feminine-toulouse-ou-comment-se-faire-de-la-place-dans-un-univers-masculin-213599.html<\/p>\n<h2><strong>O\u00d9 EST AMANDINE ?<\/strong><\/h2>\n<p><a href=\"http:\/\/lafrancepue.org\/wordpress\/wp-content\/uploads\/2009\/09\/amandine-colombie.jpg\"><img loading=\"lazy\" decoding=\"async\" data-attachment-id=\"4965\" data-permalink=\"https:\/\/lafrancepue.org\/wordpress\/accueil\/amandine-colombie\/\" data-orig-file=\"https:\/\/lafrancepue.org\/wordpress\/wp-content\/uploads\/2009\/09\/amandine-colombie.jpg\" data-orig-size=\"960,621\" data-comments-opened=\"0\" data-image-meta=\"{&quot;aperture&quot;:&quot;0&quot;,&quot;credit&quot;:&quot;&quot;,&quot;camera&quot;:&quot;&quot;,&quot;caption&quot;:&quot;&quot;,&quot;created_timestamp&quot;:&quot;0&quot;,&quot;copyright&quot;:&quot;&quot;,&quot;focal_length&quot;:&quot;0&quot;,&quot;iso&quot;:&quot;0&quot;,&quot;shutter_speed&quot;:&quot;0&quot;,&quot;title&quot;:&quot;&quot;,&quot;orientation&quot;:&quot;0&quot;}\" data-image-title=\"amandine colombie\" data-image-description=\"\" data-image-caption=\"\" data-large-file=\"https:\/\/lafrancepue.org\/wordpress\/wp-content\/uploads\/2009\/09\/amandine-colombie.jpg\" class=\"aligncenter size-full wp-image-4965\" src=\"https:\/\/lafrancepue.org\/wordpress\/wp-content\/uploads\/2009\/09\/amandine-colombie.jpg\" alt=\"amandine colombie\" width=\"960\" height=\"621\" srcset=\"https:\/\/lafrancepue.org\/wordpress\/wp-content\/uploads\/2009\/09\/amandine-colombie.jpg 960w, https:\/\/lafrancepue.org\/wordpress\/wp-content\/uploads\/2009\/09\/amandine-colombie-400x259.jpg 400w, https:\/\/lafrancepue.org\/wordpress\/wp-content\/uploads\/2009\/09\/amandine-colombie-300x194.jpg 300w, https:\/\/lafrancepue.org\/wordpress\/wp-content\/uploads\/2009\/09\/amandine-colombie-768x497.jpg 768w\" sizes=\"auto, (max-width: 709px) 85vw, (max-width: 909px) 67vw, (max-width: 1362px) 62vw, 840px\" \/><\/a><\/p>\n<h2>A LA DISTRO LFP ON EST BIEN ACCUEILLI !<\/h2>\n<p><a href=\"http:\/\/lafrancepue.org\/wordpress\/wp-content\/uploads\/2009\/09\/jeanguykangourou.jpg\"><img loading=\"lazy\" decoding=\"async\" data-attachment-id=\"4477\" data-permalink=\"https:\/\/lafrancepue.org\/wordpress\/accueil\/jeanguykangourou\/\" data-orig-file=\"https:\/\/lafrancepue.org\/wordpress\/wp-content\/uploads\/2009\/09\/jeanguykangourou.jpg\" data-orig-size=\"2048,1536\" data-comments-opened=\"0\" data-image-meta=\"{&quot;aperture&quot;:&quot;0&quot;,&quot;credit&quot;:&quot;&quot;,&quot;camera&quot;:&quot;BlackBerry 9320&quot;,&quot;caption&quot;:&quot;&quot;,&quot;created_timestamp&quot;:&quot;0&quot;,&quot;copyright&quot;:&quot;&quot;,&quot;focal_length&quot;:&quot;0&quot;,&quot;iso&quot;:&quot;0&quot;,&quot;shutter_speed&quot;:&quot;0&quot;,&quot;title&quot;:&quot;&quot;,&quot;orientation&quot;:&quot;1&quot;}\" data-image-title=\"jeanguykangourou\" data-image-description=\"\" data-image-caption=\"\" data-large-file=\"https:\/\/lafrancepue.org\/wordpress\/wp-content\/uploads\/2009\/09\/jeanguykangourou-1024x768.jpg\" class=\"aligncenter wp-image-4477\" src=\"https:\/\/lafrancepue.org\/wordpress\/wp-content\/uploads\/2009\/09\/jeanguykangourou-1024x768.jpg\" alt=\"jeanguykangourou\" width=\"614\" height=\"461\" srcset=\"https:\/\/lafrancepue.org\/wordpress\/wp-content\/uploads\/2009\/09\/jeanguykangourou-1024x768.jpg 1024w, https:\/\/lafrancepue.org\/wordpress\/wp-content\/uploads\/2009\/09\/jeanguykangourou-400x300.jpg 400w, https:\/\/lafrancepue.org\/wordpress\/wp-content\/uploads\/2009\/09\/jeanguykangourou-300x225.jpg 300w, https:\/\/lafrancepue.org\/wordpress\/wp-content\/uploads\/2009\/09\/jeanguykangourou-768x576.jpg 768w, https:\/\/lafrancepue.org\/wordpress\/wp-content\/uploads\/2009\/09\/jeanguykangourou-1200x900.jpg 1200w, https:\/\/lafrancepue.org\/wordpress\/wp-content\/uploads\/2009\/09\/jeanguykangourou.jpg 2048w\" sizes=\"auto, (max-width: 614px) 85vw, 614px\" \/><\/a><\/p>\n<h2><a href=\"http:\/\/lafrancepue.org\/wordpress\/wp-content\/uploads\/2009\/09\/silvainkangourou.jpg\"><img loading=\"lazy\" decoding=\"async\" data-attachment-id=\"4478\" data-permalink=\"https:\/\/lafrancepue.org\/wordpress\/accueil\/silvainkangourou\/\" data-orig-file=\"https:\/\/lafrancepue.org\/wordpress\/wp-content\/uploads\/2009\/09\/silvainkangourou.jpg\" data-orig-size=\"2048,1536\" data-comments-opened=\"0\" data-image-meta=\"{&quot;aperture&quot;:&quot;0&quot;,&quot;credit&quot;:&quot;&quot;,&quot;camera&quot;:&quot;BlackBerry 9320&quot;,&quot;caption&quot;:&quot;&quot;,&quot;created_timestamp&quot;:&quot;0&quot;,&quot;copyright&quot;:&quot;&quot;,&quot;focal_length&quot;:&quot;0&quot;,&quot;iso&quot;:&quot;0&quot;,&quot;shutter_speed&quot;:&quot;0&quot;,&quot;title&quot;:&quot;&quot;,&quot;orientation&quot;:&quot;1&quot;}\" data-image-title=\"silvainkangourou\" data-image-description=\"\" data-image-caption=\"\" data-large-file=\"https:\/\/lafrancepue.org\/wordpress\/wp-content\/uploads\/2009\/09\/silvainkangourou-1024x768.jpg\" class=\"aligncenter wp-image-4478\" src=\"https:\/\/lafrancepue.org\/wordpress\/wp-content\/uploads\/2009\/09\/silvainkangourou-1024x768.jpg\" alt=\"silvainkangourou\" width=\"614\" height=\"461\" srcset=\"https:\/\/lafrancepue.org\/wordpress\/wp-content\/uploads\/2009\/09\/silvainkangourou-1024x768.jpg 1024w, https:\/\/lafrancepue.org\/wordpress\/wp-content\/uploads\/2009\/09\/silvainkangourou-400x300.jpg 400w, https:\/\/lafrancepue.org\/wordpress\/wp-content\/uploads\/2009\/09\/silvainkangourou-300x225.jpg 300w, https:\/\/lafrancepue.org\/wordpress\/wp-content\/uploads\/2009\/09\/silvainkangourou-768x576.jpg 768w, https:\/\/lafrancepue.org\/wordpress\/wp-content\/uploads\/2009\/09\/silvainkangourou-1200x900.jpg 1200w, https:\/\/lafrancepue.org\/wordpress\/wp-content\/uploads\/2009\/09\/silvainkangourou.jpg 2048w\" sizes=\"auto, (max-width: 614px) 85vw, 614px\" \/><\/a><\/h2>\n<h2><a href=\"http:\/\/lafrancepue.org\/wordpress\/wp-content\/uploads\/2009\/09\/baboukangourou.jpg\"><img loading=\"lazy\" decoding=\"async\" data-attachment-id=\"4479\" data-permalink=\"https:\/\/lafrancepue.org\/wordpress\/accueil\/baboukangourou\/\" data-orig-file=\"https:\/\/lafrancepue.org\/wordpress\/wp-content\/uploads\/2009\/09\/baboukangourou.jpg\" data-orig-size=\"768,1024\" data-comments-opened=\"0\" data-image-meta=\"{&quot;aperture&quot;:&quot;0&quot;,&quot;credit&quot;:&quot;&quot;,&quot;camera&quot;:&quot;BlackBerry 9320&quot;,&quot;caption&quot;:&quot;&quot;,&quot;created_timestamp&quot;:&quot;0&quot;,&quot;copyright&quot;:&quot;&quot;,&quot;focal_length&quot;:&quot;0&quot;,&quot;iso&quot;:&quot;0&quot;,&quot;shutter_speed&quot;:&quot;0&quot;,&quot;title&quot;:&quot;&quot;,&quot;orientation&quot;:&quot;0&quot;}\" data-image-title=\"baboukangourou\" data-image-description=\"\" data-image-caption=\"\" data-large-file=\"https:\/\/lafrancepue.org\/wordpress\/wp-content\/uploads\/2009\/09\/baboukangourou-768x1024.jpg\" class=\"aligncenter wp-image-4479\" src=\"https:\/\/lafrancepue.org\/wordpress\/wp-content\/uploads\/2009\/09\/baboukangourou.jpg\" alt=\"baboukangourou\" width=\"461\" height=\"614\" srcset=\"https:\/\/lafrancepue.org\/wordpress\/wp-content\/uploads\/2009\/09\/baboukangourou.jpg 768w, https:\/\/lafrancepue.org\/wordpress\/wp-content\/uploads\/2009\/09\/baboukangourou-400x533.jpg 400w, https:\/\/lafrancepue.org\/wordpress\/wp-content\/uploads\/2009\/09\/baboukangourou-225x300.jpg 225w\" sizes=\"auto, (max-width: 461px) 85vw, 461px\" \/><\/a><\/h2>\n<h2>ET ON SAIT BIEN ACCUEILLIR AUSSI :<\/h2>\n<p><a href=\"http:\/\/lafrancepue.org\/wordpress\/wp-content\/uploads\/2009\/09\/gork-ursa.jpg\"><img loading=\"lazy\" decoding=\"async\" data-attachment-id=\"4493\" data-permalink=\"https:\/\/lafrancepue.org\/wordpress\/accueil\/gork-ursa\/\" data-orig-file=\"https:\/\/lafrancepue.org\/wordpress\/wp-content\/uploads\/2009\/09\/gork-ursa.jpg\" data-orig-size=\"480,270\" data-comments-opened=\"0\" data-image-meta=\"{&quot;aperture&quot;:&quot;0&quot;,&quot;credit&quot;:&quot;&quot;,&quot;camera&quot;:&quot;&quot;,&quot;caption&quot;:&quot;&quot;,&quot;created_timestamp&quot;:&quot;0&quot;,&quot;copyright&quot;:&quot;&quot;,&quot;focal_length&quot;:&quot;0&quot;,&quot;iso&quot;:&quot;0&quot;,&quot;shutter_speed&quot;:&quot;0&quot;,&quot;title&quot;:&quot;&quot;,&quot;orientation&quot;:&quot;0&quot;}\" data-image-title=\"gork ursa\" data-image-description=\"\" data-image-caption=\"\" data-large-file=\"https:\/\/lafrancepue.org\/wordpress\/wp-content\/uploads\/2009\/09\/gork-ursa.jpg\" class=\"aligncenter size-full wp-image-4493\" src=\"https:\/\/lafrancepue.org\/wordpress\/wp-content\/uploads\/2009\/09\/gork-ursa.jpg\" alt=\"gork ursa\" width=\"480\" height=\"270\" srcset=\"https:\/\/lafrancepue.org\/wordpress\/wp-content\/uploads\/2009\/09\/gork-ursa.jpg 480w, https:\/\/lafrancepue.org\/wordpress\/wp-content\/uploads\/2009\/09\/gork-ursa-400x225.jpg 400w, https:\/\/lafrancepue.org\/wordpress\/wp-content\/uploads\/2009\/09\/gork-ursa-300x169.jpg 300w\" sizes=\"auto, (max-width: 480px) 85vw, 480px\" \/><\/a><\/p>\n<p><a href=\"http:\/\/lafrancepue.org\/wordpress\/wp-content\/uploads\/2009\/09\/tristan-gabrielle.jpg\"><img loading=\"lazy\" decoding=\"async\" data-attachment-id=\"4729\" data-permalink=\"https:\/\/lafrancepue.org\/wordpress\/accueil\/tristan-gabrielle\/\" data-orig-file=\"https:\/\/lafrancepue.org\/wordpress\/wp-content\/uploads\/2009\/09\/tristan-gabrielle-scaled.jpg\" data-orig-size=\"1920,2560\" data-comments-opened=\"0\" data-image-meta=\"{&quot;aperture&quot;:&quot;2.4&quot;,&quot;credit&quot;:&quot;&quot;,&quot;camera&quot;:&quot;Nexus 5&quot;,&quot;caption&quot;:&quot;&quot;,&quot;created_timestamp&quot;:&quot;1400191720&quot;,&quot;copyright&quot;:&quot;&quot;,&quot;focal_length&quot;:&quot;3.97&quot;,&quot;iso&quot;:&quot;2446&quot;,&quot;shutter_speed&quot;:&quot;0.11111111111111&quot;,&quot;title&quot;:&quot;&quot;,&quot;orientation&quot;:&quot;0&quot;}\" data-image-title=\"tristan-gabrielle\" data-image-description=\"\" data-image-caption=\"\" data-large-file=\"https:\/\/lafrancepue.org\/wordpress\/wp-content\/uploads\/2009\/09\/tristan-gabrielle-768x1024.jpg\" class=\"aligncenter wp-image-4729\" src=\"https:\/\/lafrancepue.org\/wordpress\/wp-content\/uploads\/2009\/09\/tristan-gabrielle-768x1024.jpg\" alt=\"tristan-gabrielle\" width=\"461\" height=\"614\" srcset=\"https:\/\/lafrancepue.org\/wordpress\/wp-content\/uploads\/2009\/09\/tristan-gabrielle-768x1024.jpg 768w, https:\/\/lafrancepue.org\/wordpress\/wp-content\/uploads\/2009\/09\/tristan-gabrielle-400x533.jpg 400w, https:\/\/lafrancepue.org\/wordpress\/wp-content\/uploads\/2009\/09\/tristan-gabrielle-225x300.jpg 225w, https:\/\/lafrancepue.org\/wordpress\/wp-content\/uploads\/2009\/09\/tristan-gabrielle-1200x1600.jpg 1200w, https:\/\/lafrancepue.org\/wordpress\/wp-content\/uploads\/2009\/09\/tristan-gabrielle-scaled.jpg 1920w\" sizes=\"auto, (max-width: 461px) 85vw, 461px\" \/><\/a><\/p>\n<h2><strong>O\u00d9 A \u00c9T\u00c9 PRISE CETTE PHOTO\u00a0 ?<\/strong><\/h2>\n<p><a href=\"http:\/\/lafrancepue.org\/wordpress\/wp-content\/uploads\/2009\/09\/sticker-lfp-comico-2-photo.jpg\"><img loading=\"lazy\" decoding=\"async\" data-attachment-id=\"3966\" data-permalink=\"https:\/\/lafrancepue.org\/wordpress\/accueil\/sticker-lfp-comico-2-photo\/\" data-orig-file=\"https:\/\/lafrancepue.org\/wordpress\/wp-content\/uploads\/2009\/09\/sticker-lfp-comico-2-photo.jpg\" data-orig-size=\"2048,1536\" data-comments-opened=\"1\" data-image-meta=\"{&quot;aperture&quot;:&quot;2.8&quot;,&quot;credit&quot;:&quot;&quot;,&quot;camera&quot;:&quot;iPhone 3GS&quot;,&quot;caption&quot;:&quot;&quot;,&quot;created_timestamp&quot;:&quot;1305941913&quot;,&quot;copyright&quot;:&quot;&quot;,&quot;focal_length&quot;:&quot;3.85&quot;,&quot;iso&quot;:&quot;250&quot;,&quot;shutter_speed&quot;:&quot;0.066666666666667&quot;,&quot;title&quot;:&quot;&quot;,&quot;orientation&quot;:&quot;1&quot;}\" data-image-title=\"sticker lfp comico 2 photo\" data-image-description=\"\" data-image-caption=\"\" data-large-file=\"https:\/\/lafrancepue.org\/wordpress\/wp-content\/uploads\/2009\/09\/sticker-lfp-comico-2-photo-1024x768.jpg\" class=\"aligncenter size-large wp-image-3966\" title=\"sticker lfp comico 2 photo\" src=\"https:\/\/lafrancepue.org\/wordpress\/wp-content\/uploads\/2009\/09\/sticker-lfp-comico-2-photo-1024x768.jpg\" alt=\"\" width=\"1024\" height=\"768\" srcset=\"https:\/\/lafrancepue.org\/wordpress\/wp-content\/uploads\/2009\/09\/sticker-lfp-comico-2-photo-1024x768.jpg 1024w, https:\/\/lafrancepue.org\/wordpress\/wp-content\/uploads\/2009\/09\/sticker-lfp-comico-2-photo-400x300.jpg 400w, https:\/\/lafrancepue.org\/wordpress\/wp-content\/uploads\/2009\/09\/sticker-lfp-comico-2-photo-300x225.jpg 300w, https:\/\/lafrancepue.org\/wordpress\/wp-content\/uploads\/2009\/09\/sticker-lfp-comico-2-photo-768x576.jpg 768w, https:\/\/lafrancepue.org\/wordpress\/wp-content\/uploads\/2009\/09\/sticker-lfp-comico-2-photo-1200x900.jpg 1200w, https:\/\/lafrancepue.org\/wordpress\/wp-content\/uploads\/2009\/09\/sticker-lfp-comico-2-photo.jpg 2048w\" sizes=\"auto, (max-width: 709px) 85vw, (max-width: 909px) 67vw, (max-width: 1362px) 62vw, 840px\" \/><\/a><\/p>\n<p>&nbsp;<\/p>\n","protected":false},"excerpt":{"rendered":"<p>PARTIE JEUX O\u00d9 EST MARIANNE ? O\u00d9 EST JEAN-GUY ? O\u00d9 EST JEAN-CHARLES\u00a0 ? O\u00d9 EST ANNE ? http:\/\/midi-pyrenees.france3.fr\/2013\/03\/10\/boxe-feminine-toulouse-ou-comment-se-faire-de-la-place-dans-un-univers-masculin-213599.html O\u00d9 EST AMANDINE ? A LA DISTRO LFP ON EST BIEN ACCUEILLI ! ET ON SAIT BIEN ACCUEILLIR AUSSI : O\u00d9 A \u00c9T\u00c9 PRISE CETTE PHOTO\u00a0 ? &nbsp;<\/p>\n","protected":false},"author":1,"featured_media":0,"parent":0,"menu_order":0,"comment_status":"closed","ping_status":"closed","template":"","meta":{"jetpack_post_was_ever_published":false,"footnotes":""},"class_list":["post-6825","page","type-page","status-publish","hentry"],"jetpack_sharing_enabled":true,"jetpack_shortlink":"https:\/\/wp.me\/P6cwc0-1M5","_links":{"self":[{"href":"https:\/\/lafrancepue.org\/wordpress\/wp-json\/wp\/v2\/pages\/6825","targetHints":{"allow":["GET"]}}],"collection":[{"href":"https:\/\/lafrancepue.org\/wordpress\/wp-json\/wp\/v2\/pages"}],"about":[{"href":"https:\/\/lafrancepue.org\/wordpress\/wp-json\/wp\/v2\/types\/page"}],"author":[{"embeddable":true,"href":"https:\/\/lafrancepue.org\/wordpress\/wp-json\/wp\/v2\/users\/1"}],"replies":[{"embeddable":true,"href":"https:\/\/lafrancepue.org\/wordpress\/wp-json\/wp\/v2\/comments?post=6825"}],"version-history":[{"count":1,"href":"https:\/\/lafrancepue.org\/wordpress\/wp-json\/wp\/v2\/pages\/6825\/revisions"}],"predecessor-version":[{"id":6826,"href":"https:\/\/lafrancepue.org\/wordpress\/wp-json\/wp\/v2\/pages\/6825\/revisions\/6826"}],"wp:attachment":[{"href":"https:\/\/lafrancepue.org\/wordpress\/wp-json\/wp\/v2\/media?parent=6825"}],"curies":[{"name":"wp","href":"https:\/\/api.w.org\/{rel}","templated":true}]}}