{"id":10543,"date":"2021-04-02T19:14:06","date_gmt":"2021-04-02T17:14:06","guid":{"rendered":"https:\/\/lafrancepue.org\/wordpress\/?post_type=product&#038;p=10543"},"modified":"2021-06-22T22:34:21","modified_gmt":"2021-06-22T20:34:21","slug":"cheribibi-11-zine","status":"publish","type":"product","link":"https:\/\/lafrancepue.org\/wordpress\/produit\/cheribibi-11-zine\/","title":{"rendered":"CH\u00c9RIBIBI #11 Zine"},"content":{"rendered":"<p>A4. 132 Pages. Imprim\u00e9 Quadri. The Selecter, I Fought the law, Aya Cissoko, Wayne Kramer, Martha Reeves, Invincible &amp; Waajeed, D\u00e9livrez-nous du M\u00e2le !, Reggae pirate, L&rsquo;As du Hold-up, Jean-Pierre Dionnet, Wonder Woman &amp; Rosie, Roger Corman, Igg Nabwana &amp; Alan Hofmanis, Tinpis Run, Costa-Gavras, Roland Oldman, La Vierge et le Taureau, The Toy Dolls, Chroniques, Oxyure.<\/p>\n","protected":false},"excerpt":{"rendered":"<p>A4. 132 Pages. Imprim\u00e9 Quadri. The Selecter, I Fought the law, Aya Cissoko, Wayne Kramer, Martha Reeves, Invincible &amp; Waajeed, D\u00e9livrez-nous du M\u00e2le !, Reggae pirate, L&rsquo;As du Hold-up, Jean-Pierre Dionnet, Wonder Woman &amp; Rosie, Roger Corman, Igg Nabwana &amp; Alan Hofmanis, Tinpis Run, Costa-Gavras, Roland Oldman, La Vierge et le Taureau, The Toy Dolls, &hellip; <a href=\"https:\/\/lafrancepue.org\/wordpress\/produit\/cheribibi-11-zine\/\" class=\"more-link\">Continuer la lecture<span class=\"screen-reader-text\"> de &laquo;&nbsp;CH\u00c9RIBIBI #11 Zine&nbsp;&raquo;<\/span><\/a><\/p>\n","protected":false},"featured_media":10544,"template":"","meta":{"jetpack_post_was_ever_published":false},"product_brand":[],"product_cat":[478],"product_tag":[5260],"class_list":{"0":"post-10543","1":"product","2":"type-product","3":"status-publish","4":"has-post-thumbnail","6":"product_cat-fanzines","7":"product_tag-cheribibi","9":"first","10":"instock","11":"shipping-taxable","12":"purchasable","13":"product-type-simple"},"jetpack_sharing_enabled":true,"_links":{"self":[{"href":"https:\/\/lafrancepue.org\/wordpress\/wp-json\/wp\/v2\/product\/10543","targetHints":{"allow":["GET"]}}],"collection":[{"href":"https:\/\/lafrancepue.org\/wordpress\/wp-json\/wp\/v2\/product"}],"about":[{"href":"https:\/\/lafrancepue.org\/wordpress\/wp-json\/wp\/v2\/types\/product"}],"wp:featuredmedia":[{"embeddable":true,"href":"https:\/\/lafrancepue.org\/wordpress\/wp-json\/wp\/v2\/media\/10544"}],"wp:attachment":[{"href":"https:\/\/lafrancepue.org\/wordpress\/wp-json\/wp\/v2\/media?parent=10543"}],"wp:term":[{"taxonomy":"product_brand","embeddable":true,"href":"https:\/\/lafrancepue.org\/wordpress\/wp-json\/wp\/v2\/product_brand?post=10543"},{"taxonomy":"product_cat","embeddable":true,"href":"https:\/\/lafrancepue.org\/wordpress\/wp-json\/wp\/v2\/product_cat?post=10543"},{"taxonomy":"product_tag","embeddable":true,"href":"https:\/\/lafrancepue.org\/wordpress\/wp-json\/wp\/v2\/product_tag?post=10543"}],"curies":[{"name":"wp","href":"https:\/\/api.w.org\/{rel}","templated":true}]}}