{"id":10760,"date":"2021-07-28T16:18:29","date_gmt":"2021-07-28T14:18:29","guid":{"rendered":"https:\/\/lafrancepue.org\/wordpress\/?post_type=product&#038;p=10760"},"modified":"2021-12-31T14:55:58","modified_gmt":"2021-12-31T12:55:58","slug":"feces-23-zine","status":"publish","type":"product","link":"https:\/\/lafrancepue.org\/wordpress\/produit\/feces-23-zine\/","title":{"rendered":"FECES #23 Zine"},"content":{"rendered":"<p>Tablo\u00efd 52 pages A4 Couleurs. Blanc Solitaire, Les Muscl\u00e9s c&rsquo;est pas de la gonflette !, Nixon : L&rsquo;\u00c9trange Mutation, Apr\u00e8s le Brexit, le Freaxit, Ma Bouche ne ferme plus \/ Je suis Diabolique, Retour sur la Po\u00e9sie Sonore, Hair Dream, Les pastilles du P\u00e8re Castor, Jade Halliday : \u00ab\u00a0Des Brebis avec le gueule de mon papa ch\u00e9ri\u00a0\u00bb, \u00ab\u00a0The Queen of Clean\u00a0\u00bb : Imposture et D\u00e9cadence, \u00a0De \u00ab\u00a0Mgr B\u00a0\u00bb \u00e0 \u00ab\u00a0Barbarinella\u00a0\u00bb : Une m\u00e9tamorphose, Eric Zemmour : Satanique jusqu&rsquo;\u00e0 la moelle, Total, En priorit\u00e9 : Rendre sa grandeur au Mexique, Herbesan Instantan\u00e9, Lolo la Poucave : \u00ab\u00a0Il lui a fonc\u00e9 dedans !\u00a0\u00bb, Fin de partie pour Pacman, Rihanna in Love, Un Terrible Accident de Proute, \u00a0Vladimir Poutine d\u00e9vor\u00e9 par Staline et L\u00e9nine, La Disparition inexpliqu\u00e9e de l&rsquo;homme-l\u00e9zard, Le Charme discret des PMU, Peut-on priver la France de Kung-Fu ?, Vax 1, Manuel Valls l&rsquo;agit\u00e9 de l&rsquo;\u00e9t\u00e9, L&rsquo;Urine du Rh\u00f4ne, Le Conseil Sexo de Tonton Charles, Le Syndrome du Colon Irritable, Votre Horoscope de l&rsquo;\u00c9t\u00e9, Dent-e-freeze, Le Charme de la C\u00f4te d&rsquo;Azur.<\/p>\n","protected":false},"excerpt":{"rendered":"<p>Tablo\u00efd 52 pages A4 Couleurs. Blanc Solitaire, Les Muscl\u00e9s c&rsquo;est pas de la gonflette !, Nixon : L&rsquo;\u00c9trange Mutation, Apr\u00e8s le Brexit, le Freaxit, Ma Bouche ne ferme plus \/ Je suis Diabolique, Retour sur la Po\u00e9sie Sonore, Hair Dream, Les pastilles du P\u00e8re Castor, Jade Halliday : \u00ab\u00a0Des Brebis avec le gueule de mon &hellip; <a href=\"https:\/\/lafrancepue.org\/wordpress\/produit\/feces-23-zine\/\" class=\"more-link\">Continuer la lecture<span class=\"screen-reader-text\"> de &laquo;&nbsp;FECES #23 Zine&nbsp;&raquo;<\/span><\/a><\/p>\n","protected":false},"featured_media":10761,"template":"","meta":{"jetpack_post_was_ever_published":false},"product_brand":[],"product_cat":[478],"product_tag":[5441],"class_list":{"0":"post-10760","1":"product","2":"type-product","3":"status-publish","4":"has-post-thumbnail","6":"product_cat-fanzines","7":"product_tag-feces","9":"first","10":"instock","11":"shipping-taxable","12":"purchasable","13":"product-type-simple"},"jetpack_sharing_enabled":true,"_links":{"self":[{"href":"https:\/\/lafrancepue.org\/wordpress\/wp-json\/wp\/v2\/product\/10760","targetHints":{"allow":["GET"]}}],"collection":[{"href":"https:\/\/lafrancepue.org\/wordpress\/wp-json\/wp\/v2\/product"}],"about":[{"href":"https:\/\/lafrancepue.org\/wordpress\/wp-json\/wp\/v2\/types\/product"}],"wp:featuredmedia":[{"embeddable":true,"href":"https:\/\/lafrancepue.org\/wordpress\/wp-json\/wp\/v2\/media\/10761"}],"wp:attachment":[{"href":"https:\/\/lafrancepue.org\/wordpress\/wp-json\/wp\/v2\/media?parent=10760"}],"wp:term":[{"taxonomy":"product_brand","embeddable":true,"href":"https:\/\/lafrancepue.org\/wordpress\/wp-json\/wp\/v2\/product_brand?post=10760"},{"taxonomy":"product_cat","embeddable":true,"href":"https:\/\/lafrancepue.org\/wordpress\/wp-json\/wp\/v2\/product_cat?post=10760"},{"taxonomy":"product_tag","embeddable":true,"href":"https:\/\/lafrancepue.org\/wordpress\/wp-json\/wp\/v2\/product_tag?post=10760"}],"curies":[{"name":"wp","href":"https:\/\/api.w.org\/{rel}","templated":true}]}}