{"id":11172,"date":"2022-02-09T01:43:50","date_gmt":"2022-02-08T23:43:50","guid":{"rendered":"https:\/\/lafrancepue.org\/wordpress\/?post_type=product&#038;p=11172"},"modified":"2022-08-11T14:06:33","modified_gmt":"2022-08-11T12:06:33","slug":"human-fault-no-neni-tady-krasne-posledni-propadne-peklu-lp","status":"publish","type":"product","link":"https:\/\/lafrancepue.org\/wordpress\/produit\/human-fault-no-neni-tady-krasne-posledni-propadne-peklu-lp\/","title":{"rendered":"HUMAN FAULT \u00ab\u00a0No Nen\u00ed Tady Kr\u00e1sn\u011b? \/ Posledn\u00ed Propadne Peklu\u00a0\u00bb LP"},"content":{"rendered":"<p>(Czech Republic). 20 Songs. Les Nains Aussi, Perce-Oreille, Aback Distribution, Maniac Attack Rds, Svoboda Rds, Maloka, Deviance.<\/p>\n","protected":false},"excerpt":{"rendered":"<p>(Czech Republic). 20 Songs. Les Nains Aussi, Perce-Oreille, Aback Distribution, Maniac Attack Rds, Svoboda Rds, Maloka, Deviance.<\/p>\n","protected":false},"featured_media":11173,"template":"","meta":{"jetpack_post_was_ever_published":false},"product_brand":[],"product_cat":[474],"product_tag":[1545,5777],"class_list":{"0":"post-11172","1":"product","2":"type-product","3":"status-publish","4":"has-post-thumbnail","6":"product_cat-lps","7":"product_tag-czech-republic","8":"product_tag-human-fault","10":"first","11":"instock","12":"shipping-taxable","13":"purchasable","14":"product-type-simple"},"jetpack_sharing_enabled":true,"_links":{"self":[{"href":"https:\/\/lafrancepue.org\/wordpress\/wp-json\/wp\/v2\/product\/11172","targetHints":{"allow":["GET"]}}],"collection":[{"href":"https:\/\/lafrancepue.org\/wordpress\/wp-json\/wp\/v2\/product"}],"about":[{"href":"https:\/\/lafrancepue.org\/wordpress\/wp-json\/wp\/v2\/types\/product"}],"wp:featuredmedia":[{"embeddable":true,"href":"https:\/\/lafrancepue.org\/wordpress\/wp-json\/wp\/v2\/media\/11173"}],"wp:attachment":[{"href":"https:\/\/lafrancepue.org\/wordpress\/wp-json\/wp\/v2\/media?parent=11172"}],"wp:term":[{"taxonomy":"product_brand","embeddable":true,"href":"https:\/\/lafrancepue.org\/wordpress\/wp-json\/wp\/v2\/product_brand?post=11172"},{"taxonomy":"product_cat","embeddable":true,"href":"https:\/\/lafrancepue.org\/wordpress\/wp-json\/wp\/v2\/product_cat?post=11172"},{"taxonomy":"product_tag","embeddable":true,"href":"https:\/\/lafrancepue.org\/wordpress\/wp-json\/wp\/v2\/product_tag?post=11172"}],"curies":[{"name":"wp","href":"https:\/\/api.w.org\/{rel}","templated":true}]}}