{"id":12451,"date":"2023-07-13T00:38:51","date_gmt":"2023-07-12T22:38:51","guid":{"rendered":"https:\/\/lafrancepue.org\/wordpress\/?post_type=product&#038;p=12451"},"modified":"2023-10-13T17:11:51","modified_gmt":"2023-10-13T15:11:51","slug":"avskum-en-annan-varld-ar-mojlig-lp","status":"publish","type":"product","link":"https:\/\/lafrancepue.org\/wordpress\/produit\/avskum-en-annan-varld-ar-mojlig-lp\/","title":{"rendered":"AVSKUM \u00ab\u00a0En Annan V\u00e4rld \u00c4r M\u00f6jlig\u00a0\u00bb LP"},"content":{"rendered":"<p>(Sweden). 17 Songs. Skrammel Rds.<\/p>\n","protected":false},"excerpt":{"rendered":"<p>(Sweden). 17 Songs. Skrammel Rds.<\/p>\n","protected":false},"featured_media":12452,"template":"","meta":{"jetpack_post_was_ever_published":false},"product_brand":[],"product_cat":[474],"product_tag":[6685,1416],"class_list":{"0":"post-12451","1":"product","2":"type-product","3":"status-publish","4":"has-post-thumbnail","6":"product_cat-lps","7":"product_tag-avskum","8":"product_tag-sweden","10":"first","11":"instock","12":"shipping-taxable","13":"purchasable","14":"product-type-simple"},"jetpack_sharing_enabled":true,"_links":{"self":[{"href":"https:\/\/lafrancepue.org\/wordpress\/wp-json\/wp\/v2\/product\/12451","targetHints":{"allow":["GET"]}}],"collection":[{"href":"https:\/\/lafrancepue.org\/wordpress\/wp-json\/wp\/v2\/product"}],"about":[{"href":"https:\/\/lafrancepue.org\/wordpress\/wp-json\/wp\/v2\/types\/product"}],"wp:featuredmedia":[{"embeddable":true,"href":"https:\/\/lafrancepue.org\/wordpress\/wp-json\/wp\/v2\/media\/12452"}],"wp:attachment":[{"href":"https:\/\/lafrancepue.org\/wordpress\/wp-json\/wp\/v2\/media?parent=12451"}],"wp:term":[{"taxonomy":"product_brand","embeddable":true,"href":"https:\/\/lafrancepue.org\/wordpress\/wp-json\/wp\/v2\/product_brand?post=12451"},{"taxonomy":"product_cat","embeddable":true,"href":"https:\/\/lafrancepue.org\/wordpress\/wp-json\/wp\/v2\/product_cat?post=12451"},{"taxonomy":"product_tag","embeddable":true,"href":"https:\/\/lafrancepue.org\/wordpress\/wp-json\/wp\/v2\/product_tag?post=12451"}],"curies":[{"name":"wp","href":"https:\/\/api.w.org\/{rel}","templated":true}]}}