{"id":12632,"date":"2023-09-09T22:05:14","date_gmt":"2023-09-09T20:05:14","guid":{"rendered":"https:\/\/lafrancepue.org\/wordpress\/?post_type=product&#038;p=12632"},"modified":"2024-01-11T02:54:57","modified_gmt":"2024-01-11T00:54:57","slug":"unhaim-chan-chan-chotza-ba-ba-ba-stuss-lp","status":"publish","type":"product","link":"https:\/\/lafrancepue.org\/wordpress\/produit\/unhaim-chan-chan-chotza-ba-ba-ba-stuss-lp\/","title":{"rendered":"UNHAIM \u00ab\u00a0Chan Chan Chotza b\u00e4 b\u00e4 b\u00e4&#8230;stuss\u00a0\u00bb LP"},"content":{"rendered":"<p>(Switzerland). 14 Songs. Rindeherz Rds, Lilith Rds.<\/p>\n","protected":false},"excerpt":{"rendered":"<p>(Switzerland). 14 Songs. Rindeherz Rds, Lilith Rds.<\/p>\n","protected":false},"featured_media":12633,"template":"","meta":{"jetpack_post_was_ever_published":false},"product_brand":[],"product_cat":[474],"product_tag":[1376,6569],"class_list":{"0":"post-12632","1":"product","2":"type-product","3":"status-publish","4":"has-post-thumbnail","6":"product_cat-lps","7":"product_tag-switzerland","8":"product_tag-unhaim","10":"first","11":"instock","12":"shipping-taxable","13":"purchasable","14":"product-type-simple"},"jetpack_sharing_enabled":true,"_links":{"self":[{"href":"https:\/\/lafrancepue.org\/wordpress\/wp-json\/wp\/v2\/product\/12632","targetHints":{"allow":["GET"]}}],"collection":[{"href":"https:\/\/lafrancepue.org\/wordpress\/wp-json\/wp\/v2\/product"}],"about":[{"href":"https:\/\/lafrancepue.org\/wordpress\/wp-json\/wp\/v2\/types\/product"}],"wp:featuredmedia":[{"embeddable":true,"href":"https:\/\/lafrancepue.org\/wordpress\/wp-json\/wp\/v2\/media\/12633"}],"wp:attachment":[{"href":"https:\/\/lafrancepue.org\/wordpress\/wp-json\/wp\/v2\/media?parent=12632"}],"wp:term":[{"taxonomy":"product_brand","embeddable":true,"href":"https:\/\/lafrancepue.org\/wordpress\/wp-json\/wp\/v2\/product_brand?post=12632"},{"taxonomy":"product_cat","embeddable":true,"href":"https:\/\/lafrancepue.org\/wordpress\/wp-json\/wp\/v2\/product_cat?post=12632"},{"taxonomy":"product_tag","embeddable":true,"href":"https:\/\/lafrancepue.org\/wordpress\/wp-json\/wp\/v2\/product_tag?post=12632"}],"curies":[{"name":"wp","href":"https:\/\/api.w.org\/{rel}","templated":true}]}}