{"id":12658,"date":"2023-09-26T23:13:03","date_gmt":"2023-09-26T21:13:03","guid":{"rendered":"https:\/\/lafrancepue.org\/wordpress\/?post_type=product&#038;p=12658"},"modified":"2024-01-11T02:56:14","modified_gmt":"2024-01-11T00:56:14","slug":"meantime-18-johannes-van-de-weert","status":"publish","type":"product","link":"https:\/\/lafrancepue.org\/wordpress\/produit\/meantime-18-johannes-van-de-weert\/","title":{"rendered":"MEANTIME #18 &#8211; Johannes Van De Weert"},"content":{"rendered":"<p>Num\u00e9ro Sp\u00e9cial Johannes Van de Weert (Rondos, Raket, Red Rat, The Ex&#8230;).<\/p>\n<p>Imprim\u00e9 15&#215;21. 124 pages couleur et n&amp;b.<\/p>\n","protected":false},"excerpt":{"rendered":"<p>Num\u00e9ro Sp\u00e9cial Johannes Van de Weert (Rondos, Raket, Red Rat, The Ex&#8230;). Imprim\u00e9 15&#215;21. 124 pages couleur et n&amp;b.<\/p>\n","protected":false},"featured_media":12660,"template":"","meta":{"jetpack_post_was_ever_published":false},"product_brand":[],"product_cat":[479,478],"product_tag":[6840,6839],"class_list":{"0":"post-12658","1":"product","2":"type-product","3":"status-publish","4":"has-post-thumbnail","6":"product_cat-bouquins","7":"product_cat-fanzines","8":"product_tag-johannes-van-de-weert","9":"product_tag-meantime-18","11":"first","12":"instock","13":"shipping-taxable","14":"purchasable","15":"product-type-simple"},"jetpack_sharing_enabled":true,"_links":{"self":[{"href":"https:\/\/lafrancepue.org\/wordpress\/wp-json\/wp\/v2\/product\/12658","targetHints":{"allow":["GET"]}}],"collection":[{"href":"https:\/\/lafrancepue.org\/wordpress\/wp-json\/wp\/v2\/product"}],"about":[{"href":"https:\/\/lafrancepue.org\/wordpress\/wp-json\/wp\/v2\/types\/product"}],"wp:featuredmedia":[{"embeddable":true,"href":"https:\/\/lafrancepue.org\/wordpress\/wp-json\/wp\/v2\/media\/12660"}],"wp:attachment":[{"href":"https:\/\/lafrancepue.org\/wordpress\/wp-json\/wp\/v2\/media?parent=12658"}],"wp:term":[{"taxonomy":"product_brand","embeddable":true,"href":"https:\/\/lafrancepue.org\/wordpress\/wp-json\/wp\/v2\/product_brand?post=12658"},{"taxonomy":"product_cat","embeddable":true,"href":"https:\/\/lafrancepue.org\/wordpress\/wp-json\/wp\/v2\/product_cat?post=12658"},{"taxonomy":"product_tag","embeddable":true,"href":"https:\/\/lafrancepue.org\/wordpress\/wp-json\/wp\/v2\/product_tag?post=12658"}],"curies":[{"name":"wp","href":"https:\/\/api.w.org\/{rel}","templated":true}]}}