{"id":13497,"date":"2024-07-23T10:46:57","date_gmt":"2024-07-23T08:46:57","guid":{"rendered":"https:\/\/lafrancepue.org\/wordpress\/?post_type=product&#038;p=13497"},"modified":"2025-01-11T16:26:56","modified_gmt":"2025-01-11T14:26:56","slug":"v-a-lautisme-nest-pas-un-crime-tape","status":"publish","type":"product","link":"https:\/\/lafrancepue.org\/wordpress\/produit\/v-a-lautisme-nest-pas-un-crime-tape\/","title":{"rendered":"V\/A \u00ab\u00a0L&rsquo;Autisme n&rsquo;est pas un Crime\u00a0\u00bb Tape"},"content":{"rendered":"<p>DISAFFECT, RECLUSION, ASOCIAL, BAKOUNINE, RAW POWER, PHANE, CAPITAL SCUM, CLUSTER BOMB UNIT, ANTI-SYSTEM, BESTH\u00d6VEN, VISIONS OF WAR, KIAL ?, DESOBEDIENCIA CIVIL, AGATHOCLES, DISEASE, FENW\u00c4R, KIRATXA, ODI\u00c4R, ULTIMO GOBIERNO, KROKODIL, AMENAZAS + Livret\/Booklet 16 pages (French \/ English) + 2 badges\/buttons.<\/p>\n","protected":false},"excerpt":{"rendered":"<p>DISAFFECT, RECLUSION, ASOCIAL, BAKOUNINE, RAW POWER, PHANE, CAPITAL SCUM, CLUSTER BOMB UNIT, ANTI-SYSTEM, BESTH\u00d6VEN, VISIONS OF WAR, KIAL ?, DESOBEDIENCIA CIVIL, AGATHOCLES, DISEASE, FENW\u00c4R, KIRATXA, ODI\u00c4R, ULTIMO GOBIERNO, KROKODIL, AMENAZAS + Livret\/Booklet 16 pages (French \/ English) + 2 badges\/buttons.<\/p>\n","protected":false},"featured_media":13498,"template":"","meta":{"jetpack_post_was_ever_published":false},"product_brand":[],"product_cat":[2645],"product_tag":[2179,3482,3102,3822,1356,1739,7420,7421,7185,4826,2930,7422,4786,7423,7426,7418,7424,5287,7419,6661,7425,2159],"class_list":{"0":"post-13497","1":"product","2":"type-product","3":"status-publish","4":"has-post-thumbnail","6":"product_cat-tapes","7":"product_tag-agathocles","8":"product_tag-amenazas","9":"product_tag-anti-system","10":"product_tag-asocial","11":"product_tag-bakounine","12":"product_tag-besthoven","13":"product_tag-capital-scum","14":"product_tag-cluster-bomb-unit","15":"product_tag-desobediencia-civil","16":"product_tag-disaffect","17":"product_tag-disease","18":"product_tag-fenwar","19":"product_tag-kial","20":"product_tag-kiratxa","21":"product_tag-krokodil","22":"product_tag-lautisme-nest-pas-un-crime","23":"product_tag-odiar","24":"product_tag-phane","25":"product_tag-raw-power","26":"product_tag-reclusion","27":"product_tag-ultimo-gobierno","28":"product_tag-visions-of-war","30":"first","31":"instock","32":"shipping-taxable","33":"purchasable","34":"product-type-simple"},"jetpack_sharing_enabled":true,"_links":{"self":[{"href":"https:\/\/lafrancepue.org\/wordpress\/wp-json\/wp\/v2\/product\/13497","targetHints":{"allow":["GET"]}}],"collection":[{"href":"https:\/\/lafrancepue.org\/wordpress\/wp-json\/wp\/v2\/product"}],"about":[{"href":"https:\/\/lafrancepue.org\/wordpress\/wp-json\/wp\/v2\/types\/product"}],"wp:featuredmedia":[{"embeddable":true,"href":"https:\/\/lafrancepue.org\/wordpress\/wp-json\/wp\/v2\/media\/13498"}],"wp:attachment":[{"href":"https:\/\/lafrancepue.org\/wordpress\/wp-json\/wp\/v2\/media?parent=13497"}],"wp:term":[{"taxonomy":"product_brand","embeddable":true,"href":"https:\/\/lafrancepue.org\/wordpress\/wp-json\/wp\/v2\/product_brand?post=13497"},{"taxonomy":"product_cat","embeddable":true,"href":"https:\/\/lafrancepue.org\/wordpress\/wp-json\/wp\/v2\/product_cat?post=13497"},{"taxonomy":"product_tag","embeddable":true,"href":"https:\/\/lafrancepue.org\/wordpress\/wp-json\/wp\/v2\/product_tag?post=13497"}],"curies":[{"name":"wp","href":"https:\/\/api.w.org\/{rel}","templated":true}]}}