{"id":14849,"date":"2025-10-16T00:07:14","date_gmt":"2025-10-15T22:07:14","guid":{"rendered":"https:\/\/lafrancepue.org\/wordpress\/?post_type=product&#038;p=14849"},"modified":"2026-03-16T02:10:29","modified_gmt":"2026-03-16T00:10:29","slug":"v-a-quelques-coups-declat-2-x-lp","status":"publish","type":"product","link":"https:\/\/lafrancepue.org\/wordpress\/produit\/v-a-quelques-coups-declat-2-x-lp\/","title":{"rendered":"V\/A \u00ab\u00a0Quelques Coups d&rsquo;\u00c9clat\u00a0\u00bb 2 x LP"},"content":{"rendered":"<p>SECTEUR PAV\u00c9, FL\u00c9CHES, TOXIC RITES, CASSE DALLE, LE MAMMOOTH, SOJA, LITOVSK, AUDE VAISSELLE &amp; BRAVO B\u00c9TON, PEINE PERDUE, D\u00c9TENTE, BEMNOZ, ROUGE SANG, PRO-MESS, CLAVA, VIANDE ROUGE, VOMITO REPULSIVO, SYNDROME 81, TACCIATE !, CHAFOUIN, ATTAQUE SOUPLE. (Petit Tonnerre).<\/p>\n","protected":false},"excerpt":{"rendered":"<p>SECTEUR PAV\u00c9, FL\u00c9CHES, TOXIC RITES, CASSE DALLE, LE MAMMOOTH, SOJA, LITOVSK, AUDE VAISSELLE &amp; BRAVO B\u00c9TON, PEINE PERDUE, D\u00c9TENTE, BEMNOZ, ROUGE SANG, PRO-MESS, CLAVA, VIANDE ROUGE, VOMITO REPULSIVO, SYNDROME 81, TACCIATE !, CHAFOUIN, ATTAQUE SOUPLE. (Petit Tonnerre).<\/p>\n","protected":false},"featured_media":14850,"template":"","meta":{"jetpack_post_was_ever_published":false},"product_brand":[],"product_cat":[474],"product_tag":[8270,8261,8264,8258,8269,7527,8263,8181,8259,1485,8262,8265,8257,7521,4461,8260,1767,8268,8266,8267],"class_list":{"0":"post-14849","1":"product","2":"type-product","3":"status-publish","4":"has-post-thumbnail","6":"product_cat-lps","7":"product_tag-attaque-souple","8":"product_tag-aude-vaisselle-bravo-beton","9":"product_tag-bemnoz","10":"product_tag-casse-dalle","11":"product_tag-chafouin","12":"product_tag-clava","13":"product_tag-detente","14":"product_tag-fleches","15":"product_tag-le-mammooth","16":"product_tag-litovsk","17":"product_tag-peine-perdue","18":"product_tag-pro-mess","19":"product_tag-quelques-coups-declat","20":"product_tag-rouge-sang","21":"product_tag-secteur-pave","22":"product_tag-soja","23":"product_tag-syndrome-81","24":"product_tag-tacciate","25":"product_tag-viande-rouge","26":"product_tag-vomito-repulsivo","28":"first","29":"instock","30":"shipping-taxable","31":"purchasable","32":"product-type-simple"},"jetpack_sharing_enabled":true,"_links":{"self":[{"href":"https:\/\/lafrancepue.org\/wordpress\/wp-json\/wp\/v2\/product\/14849","targetHints":{"allow":["GET"]}}],"collection":[{"href":"https:\/\/lafrancepue.org\/wordpress\/wp-json\/wp\/v2\/product"}],"about":[{"href":"https:\/\/lafrancepue.org\/wordpress\/wp-json\/wp\/v2\/types\/product"}],"wp:featuredmedia":[{"embeddable":true,"href":"https:\/\/lafrancepue.org\/wordpress\/wp-json\/wp\/v2\/media\/14850"}],"wp:attachment":[{"href":"https:\/\/lafrancepue.org\/wordpress\/wp-json\/wp\/v2\/media?parent=14849"}],"wp:term":[{"taxonomy":"product_brand","embeddable":true,"href":"https:\/\/lafrancepue.org\/wordpress\/wp-json\/wp\/v2\/product_brand?post=14849"},{"taxonomy":"product_cat","embeddable":true,"href":"https:\/\/lafrancepue.org\/wordpress\/wp-json\/wp\/v2\/product_cat?post=14849"},{"taxonomy":"product_tag","embeddable":true,"href":"https:\/\/lafrancepue.org\/wordpress\/wp-json\/wp\/v2\/product_tag?post=14849"}],"curies":[{"name":"wp","href":"https:\/\/api.w.org\/{rel}","templated":true}]}}