{"id":15225,"date":"2026-03-12T11:46:54","date_gmt":"2026-03-12T09:46:54","guid":{"rendered":"https:\/\/lafrancepue.org\/wordpress\/?post_type=product&#038;p=15225"},"modified":"2026-03-12T11:46:55","modified_gmt":"2026-03-12T09:46:55","slug":"v-a-stop-genocide-now-vol-1-lp","status":"publish","type":"product","link":"https:\/\/lafrancepue.org\/wordpress\/produit\/v-a-stop-genocide-now-vol-1-lp\/","title":{"rendered":"V\/A \u00ab\u00a0Stop Genocide Now ! Vol.1\u00a0\u00bb LP"},"content":{"rendered":"<p>UZU (Canada), MAU AG\u00d6URO (Brazil), MASAKRE (Indonesia), INDIKATOR B (Croatia), VESTIGIO (Canada), T\u00c0RREGA 91&prime; (Spain), DISANXIAN (China), RETROGRADXS (Mexico), BESTM\u00d6TIVNY (Germany), HUMANICIDIO (Peru), KATORGA (Australia), \u72d7\u65e5\u7684 (Canada), MULTINATIONAL CORPORATIONS (Pakistan), ESMURRUGADOR (Brazil), BARRAKAS (Costa Rica), STILETTO (Singapore), L-SCHEMA (Taiwan), DESOLACION (Argentina), DANUM (Philippines), LES RAMONEURS DE MENHIR (Brittany). In My Heart Empire, DIY Kontraatak, Yanzhaomen Records, Tranzophobia, Katastrof Rds, Ruido Y Pasion Rds, Pifia Rds, La Agonia de Vivir.<\/p>\n","protected":false},"excerpt":{"rendered":"<p>UZU (Canada), MAU AG\u00d6URO (Brazil), MASAKRE (Indonesia), INDIKATOR B (Croatia), VESTIGIO (Canada), T\u00c0RREGA 91&prime; (Spain), DISANXIAN (China), RETROGRADXS (Mexico), BESTM\u00d6TIVNY (Germany), HUMANICIDIO (Peru), KATORGA (Australia), \u72d7\u65e5\u7684 (Canada), MULTINATIONAL CORPORATIONS (Pakistan), ESMURRUGADOR (Brazil), BARRAKAS (Costa Rica), STILETTO (Singapore), L-SCHEMA (Taiwan), DESOLACION (Argentina), DANUM (Philippines), LES RAMONEURS DE MENHIR (Brittany). In My Heart Empire, DIY Kontraatak, Yanzhaomen &hellip; <a href=\"https:\/\/lafrancepue.org\/wordpress\/produit\/v-a-stop-genocide-now-vol-1-lp\/\" class=\"more-link\">Continuer la lecture<span class=\"screen-reader-text\"> de &laquo;&nbsp;V\/A \u00ab\u00a0Stop Genocide Now ! Vol.1\u00a0\u00bb LP&nbsp;&raquo;<\/span><\/a><\/p>\n","protected":false},"featured_media":15227,"template":"","meta":{"jetpack_post_was_ever_published":false},"product_brand":[],"product_cat":[474,2051],"product_tag":[1366,1403,7921,7916,1487,8515,1362,3692,8179,1511,7924,7923,7914,7920,1364,7917,7912,1518,8512,7922,8513,7911,7910,1455,7919,8514,1549,2026,8511,1905,1380,7554,7909,8486,6561,6622,7913,8516],"class_list":{"0":"post-15225","1":"product","2":"type-product","3":"status-publish","4":"has-post-thumbnail","6":"product_cat-lps","7":"product_cat-nouveautes","8":"product_tag-argentina","9":"product_tag-australia","10":"product_tag-barrakas","11":"product_tag-bestmotivny","12":"product_tag-brazil","13":"product_tag-brittany","14":"product_tag-canada","15":"product_tag-china","16":"product_tag-costa-rica","17":"product_tag-croatia","18":"product_tag-danum","19":"product_tag-desolacion","20":"product_tag-disanxian","21":"product_tag-esmurrugador","22":"product_tag-germany","23":"product_tag-humanicidio","24":"product_tag-indikator-b","25":"product_tag-indonesia","26":"product_tag-katorga","27":"product_tag-l-schema","28":"product_tag-les-ramoneurs-de-menhir","29":"product_tag-masakre","30":"product_tag-mau-agouro","31":"product_tag-mexico","32":"product_tag-multinational-corporations","33":"product_tag-pakistan","34":"product_tag-peru","35":"product_tag-philippines","36":"product_tag-retrogradxs","37":"product_tag-singapore","38":"product_tag-spain","39":"product_tag-stiletto","40":"product_tag-stop-genocide-now","41":"product_tag-taiwan","42":"product_tag-tarrega-91","43":"product_tag-uzu","44":"product_tag-vestigio","45":"product_tag-8516","47":"first","48":"instock","49":"shipping-taxable","50":"purchasable","51":"product-type-simple"},"jetpack_sharing_enabled":true,"_links":{"self":[{"href":"https:\/\/lafrancepue.org\/wordpress\/wp-json\/wp\/v2\/product\/15225","targetHints":{"allow":["GET"]}}],"collection":[{"href":"https:\/\/lafrancepue.org\/wordpress\/wp-json\/wp\/v2\/product"}],"about":[{"href":"https:\/\/lafrancepue.org\/wordpress\/wp-json\/wp\/v2\/types\/product"}],"wp:featuredmedia":[{"embeddable":true,"href":"https:\/\/lafrancepue.org\/wordpress\/wp-json\/wp\/v2\/media\/15227"}],"wp:attachment":[{"href":"https:\/\/lafrancepue.org\/wordpress\/wp-json\/wp\/v2\/media?parent=15225"}],"wp:term":[{"taxonomy":"product_brand","embeddable":true,"href":"https:\/\/lafrancepue.org\/wordpress\/wp-json\/wp\/v2\/product_brand?post=15225"},{"taxonomy":"product_cat","embeddable":true,"href":"https:\/\/lafrancepue.org\/wordpress\/wp-json\/wp\/v2\/product_cat?post=15225"},{"taxonomy":"product_tag","embeddable":true,"href":"https:\/\/lafrancepue.org\/wordpress\/wp-json\/wp\/v2\/product_tag?post=15225"}],"curies":[{"name":"wp","href":"https:\/\/api.w.org\/{rel}","templated":true}]}}