{"id":7363,"date":"2017-08-15T18:09:32","date_gmt":"2017-08-15T16:09:32","guid":{"rendered":"http:\/\/lafrancepue.org\/wordpress\/?post_type=product&#038;p=7363"},"modified":"2017-08-15T18:09:32","modified_gmt":"2017-08-15T16:09:32","slug":"morgue-pleine-st-ep","status":"publish","type":"product","link":"https:\/\/lafrancepue.org\/wordpress\/produit\/morgue-pleine-st-ep\/","title":{"rendered":"MORGUE PLEINE \u00ab\u00a0s\/t\u00a0\u00bb EP"},"content":{"rendered":"<p>(France). 9 Songs. Donnez-moi du Feu Rds, A\u00efnu Rds, T\u00eate dans le Guidon, Scl\u00e9rose, No Way Asso.<\/p>\n","protected":false},"excerpt":{"rendered":"<p>(France). 9 Songs. Donnez-moi du Feu Rds, A\u00efnu Rds, T\u00eate dans le Guidon, Scl\u00e9rose, No Way Asso.<\/p>\n","protected":false},"featured_media":4833,"template":"","meta":{"jetpack_post_was_ever_published":false},"product_brand":[],"product_cat":[475],"product_tag":[1368,1835],"class_list":{"0":"post-7363","1":"product","2":"type-product","3":"status-publish","4":"has-post-thumbnail","6":"product_cat-eps","7":"product_tag-france","8":"product_tag-morgue-pleine","10":"first","11":"instock","12":"shipping-taxable","13":"purchasable","14":"product-type-simple"},"jetpack_sharing_enabled":true,"_links":{"self":[{"href":"https:\/\/lafrancepue.org\/wordpress\/wp-json\/wp\/v2\/product\/7363","targetHints":{"allow":["GET"]}}],"collection":[{"href":"https:\/\/lafrancepue.org\/wordpress\/wp-json\/wp\/v2\/product"}],"about":[{"href":"https:\/\/lafrancepue.org\/wordpress\/wp-json\/wp\/v2\/types\/product"}],"wp:featuredmedia":[{"embeddable":true,"href":"https:\/\/lafrancepue.org\/wordpress\/wp-json\/wp\/v2\/media\/4833"}],"wp:attachment":[{"href":"https:\/\/lafrancepue.org\/wordpress\/wp-json\/wp\/v2\/media?parent=7363"}],"wp:term":[{"taxonomy":"product_brand","embeddable":true,"href":"https:\/\/lafrancepue.org\/wordpress\/wp-json\/wp\/v2\/product_brand?post=7363"},{"taxonomy":"product_cat","embeddable":true,"href":"https:\/\/lafrancepue.org\/wordpress\/wp-json\/wp\/v2\/product_cat?post=7363"},{"taxonomy":"product_tag","embeddable":true,"href":"https:\/\/lafrancepue.org\/wordpress\/wp-json\/wp\/v2\/product_tag?post=7363"}],"curies":[{"name":"wp","href":"https:\/\/api.w.org\/{rel}","templated":true}]}}