{"id":7532,"date":"2017-08-16T17:07:08","date_gmt":"2017-08-16T15:07:08","guid":{"rendered":"http:\/\/lafrancepue.org\/wordpress\/?post_type=product&#038;p=7532"},"modified":"2017-08-16T17:07:08","modified_gmt":"2017-08-16T15:07:08","slug":"va-desintegrons-les-integristes-2xep","status":"publish","type":"product","link":"https:\/\/lafrancepue.org\/wordpress\/produit\/va-desintegrons-les-integristes-2xep\/","title":{"rendered":"V\/A \u00ab\u00a0D\u00e9sint\u00e9grons les Int\u00e9gristes\u00a0\u00bb 2xEP"},"content":{"rendered":"<p>SILAC (France), SEVEN HATE (France), SHIT FOR BRAINS (France), MUSH (France), TABASKO\u00a0(France), GOOBER PATROL (UK), WORLD PETS\u00a0(France), FUNNY SHAKIN&rsquo; STUFF\u00a0(France), PERFECT COUSINS\u00a0(France). NRV Prod.<\/p>\n","protected":false},"excerpt":{"rendered":"<p>SILAC (France), SEVEN HATE (France), SHIT FOR BRAINS (France), MUSH (France), TABASKO\u00a0(France), GOOBER PATROL (UK), WORLD PETS\u00a0(France), FUNNY SHAKIN&rsquo; STUFF\u00a0(France), PERFECT COUSINS\u00a0(France). NRV Prod.<\/p>\n","protected":false},"featured_media":1670,"template":"","meta":{"jetpack_post_was_ever_published":false},"product_brand":[],"product_cat":[475],"product_tag":[1368,2004,2002,2000,2005,1998,1999,1997,2001,1384,2003],"class_list":{"0":"post-7532","1":"product","2":"type-product","3":"status-publish","4":"has-post-thumbnail","6":"product_cat-eps","7":"product_tag-france","8":"product_tag-funny-shakin-stuff","9":"product_tag-goober-patrol","10":"product_tag-mush","11":"product_tag-perfect-cousins","12":"product_tag-seven-hate","13":"product_tag-shit-for-brains","14":"product_tag-silac","15":"product_tag-tabasko","16":"product_tag-uk","17":"product_tag-world-pets","19":"first","20":"instock","21":"shipping-taxable","22":"purchasable","23":"product-type-simple"},"jetpack_sharing_enabled":true,"_links":{"self":[{"href":"https:\/\/lafrancepue.org\/wordpress\/wp-json\/wp\/v2\/product\/7532","targetHints":{"allow":["GET"]}}],"collection":[{"href":"https:\/\/lafrancepue.org\/wordpress\/wp-json\/wp\/v2\/product"}],"about":[{"href":"https:\/\/lafrancepue.org\/wordpress\/wp-json\/wp\/v2\/types\/product"}],"wp:featuredmedia":[{"embeddable":true,"href":"https:\/\/lafrancepue.org\/wordpress\/wp-json\/wp\/v2\/media\/1670"}],"wp:attachment":[{"href":"https:\/\/lafrancepue.org\/wordpress\/wp-json\/wp\/v2\/media?parent=7532"}],"wp:term":[{"taxonomy":"product_brand","embeddable":true,"href":"https:\/\/lafrancepue.org\/wordpress\/wp-json\/wp\/v2\/product_brand?post=7532"},{"taxonomy":"product_cat","embeddable":true,"href":"https:\/\/lafrancepue.org\/wordpress\/wp-json\/wp\/v2\/product_cat?post=7532"},{"taxonomy":"product_tag","embeddable":true,"href":"https:\/\/lafrancepue.org\/wordpress\/wp-json\/wp\/v2\/product_tag?post=7532"}],"curies":[{"name":"wp","href":"https:\/\/api.w.org\/{rel}","templated":true}]}}