{"id":9695,"date":"2019-12-21T17:28:33","date_gmt":"2019-12-21T15:28:33","guid":{"rendered":"http:\/\/lafrancepue.org\/wordpress\/?post_type=product&#038;p=9695"},"modified":"2020-03-05T12:31:10","modified_gmt":"2020-03-05T10:31:10","slug":"grenzlinie-matrak-attakk-split-ep","status":"publish","type":"product","link":"https:\/\/lafrancepue.org\/wordpress\/produit\/grenzlinie-matrak-attakk-split-ep\/","title":{"rendered":"GRENZLINIE \/ MATRAK ATTAKK Split EP"},"content":{"rendered":"<p>(Italy \/ Belgium). 3+3 Songs. Far Il D&rsquo;i E Il Fa&rsquo; Al&rsquo;E&rsquo; Di Mie\u00e7 Il M\u00e2r Autoproduzioni, Nuclear Sun Punk Rds, Sedation, Distrozione, Aredje, Bisounours Prod, Dis-Sr\u00f6t Rds, G\u00f6tterwind, Death Trap Rds, Missing the Point, Destruktomusik<\/p>\n","protected":false},"excerpt":{"rendered":"<p>(Italy \/ Belgium). 3+3 Songs. Far Il D&rsquo;i E Il Fa&rsquo; Al&rsquo;E&rsquo; Di Mie\u00e7 Il M\u00e2r Autoproduzioni, Nuclear Sun Punk Rds, Sedation, Distrozione, Aredje, Bisounours Prod, Dis-Sr\u00f6t Rds, G\u00f6tterwind, Death Trap Rds, Missing the Point, Destruktomusik<\/p>\n","protected":false},"featured_media":9696,"template":"","meta":{"jetpack_post_was_ever_published":false},"product_brand":[],"product_cat":[475],"product_tag":[1396,4484,1439,4426],"class_list":{"0":"post-9695","1":"product","2":"type-product","3":"status-publish","4":"has-post-thumbnail","6":"product_cat-eps","7":"product_tag-belgium","8":"product_tag-grenzlinie","9":"product_tag-italy","10":"product_tag-matrak-attakk","12":"first","13":"instock","14":"shipping-taxable","15":"purchasable","16":"product-type-simple"},"jetpack_sharing_enabled":true,"_links":{"self":[{"href":"https:\/\/lafrancepue.org\/wordpress\/wp-json\/wp\/v2\/product\/9695","targetHints":{"allow":["GET"]}}],"collection":[{"href":"https:\/\/lafrancepue.org\/wordpress\/wp-json\/wp\/v2\/product"}],"about":[{"href":"https:\/\/lafrancepue.org\/wordpress\/wp-json\/wp\/v2\/types\/product"}],"wp:featuredmedia":[{"embeddable":true,"href":"https:\/\/lafrancepue.org\/wordpress\/wp-json\/wp\/v2\/media\/9696"}],"wp:attachment":[{"href":"https:\/\/lafrancepue.org\/wordpress\/wp-json\/wp\/v2\/media?parent=9695"}],"wp:term":[{"taxonomy":"product_brand","embeddable":true,"href":"https:\/\/lafrancepue.org\/wordpress\/wp-json\/wp\/v2\/product_brand?post=9695"},{"taxonomy":"product_cat","embeddable":true,"href":"https:\/\/lafrancepue.org\/wordpress\/wp-json\/wp\/v2\/product_cat?post=9695"},{"taxonomy":"product_tag","embeddable":true,"href":"https:\/\/lafrancepue.org\/wordpress\/wp-json\/wp\/v2\/product_tag?post=9695"}],"curies":[{"name":"wp","href":"https:\/\/api.w.org\/{rel}","templated":true}]}}