{"id":9750,"date":"2020-01-05T11:57:43","date_gmt":"2020-01-05T09:57:43","guid":{"rendered":"http:\/\/lafrancepue.org\/wordpress\/?post_type=product&#038;p=9750"},"modified":"2020-05-18T11:31:21","modified_gmt":"2020-05-18T09:31:21","slug":"hedera-2xdvd","status":"publish","type":"product","link":"https:\/\/lafrancepue.org\/wordpress\/produit\/hedera-2xdvd\/","title":{"rendered":"HEDERA 2xDVD"},"content":{"rendered":"<p>(France). 6 films de 45mn sur des structures militantes en France en 2xDVD dans un pochette tissu s\u00e9rigraphie + livret 24 pages couleurs. 6 movies of 45&prime; about militant structures in France in a silk-screened tissue + 24 pages colour booklet. Dynamiques Anarchistes.<\/p>\n<p><i>\u00ab\u00a06 films qui regroupent des t\u00e9moignages de v\u00e9cus collectifs, dont le lien se situe dans les dynamiques anarchistes actuelles.<br \/>\nUne histoire d&rsquo;un an de rencontres o\u00f9 nous avons pu partager nos choix et exp\u00e9riences de luttes, mais aussi nos d\u00e9ceptions.<br \/>\nCa cause de luttes sociales, de f\u00e9minisme, de luttes trans, d&rsquo;autonomie, de squat, de punk&#8230;\u00a0\u00bb<\/i><\/p>\n","protected":false},"excerpt":{"rendered":"<p>(France). 6 films de 45mn sur des structures militantes en France en 2xDVD dans un pochette tissu s\u00e9rigraphie + livret 24 pages couleurs. 6 movies of 45&prime; about militant structures in France in a silk-screened tissue + 24 pages colour booklet. Dynamiques Anarchistes. \u00ab\u00a06 films qui regroupent des t\u00e9moignages de v\u00e9cus collectifs, dont le lien &hellip; <a href=\"https:\/\/lafrancepue.org\/wordpress\/produit\/hedera-2xdvd\/\" class=\"more-link\">Continuer la lecture<span class=\"screen-reader-text\"> de &laquo;&nbsp;HEDERA 2xDVD&nbsp;&raquo;<\/span><\/a><\/p>\n","protected":false},"featured_media":9751,"template":"","meta":{"jetpack_post_was_ever_published":false},"product_brand":[],"product_cat":[477],"product_tag":[1368,4503],"class_list":{"0":"post-9750","1":"product","2":"type-product","3":"status-publish","4":"has-post-thumbnail","6":"product_cat-dvds","7":"product_tag-france","8":"product_tag-hedera","10":"first","11":"instock","12":"shipping-taxable","13":"product-type-simple"},"jetpack_sharing_enabled":true,"_links":{"self":[{"href":"https:\/\/lafrancepue.org\/wordpress\/wp-json\/wp\/v2\/product\/9750","targetHints":{"allow":["GET"]}}],"collection":[{"href":"https:\/\/lafrancepue.org\/wordpress\/wp-json\/wp\/v2\/product"}],"about":[{"href":"https:\/\/lafrancepue.org\/wordpress\/wp-json\/wp\/v2\/types\/product"}],"wp:featuredmedia":[{"embeddable":true,"href":"https:\/\/lafrancepue.org\/wordpress\/wp-json\/wp\/v2\/media\/9751"}],"wp:attachment":[{"href":"https:\/\/lafrancepue.org\/wordpress\/wp-json\/wp\/v2\/media?parent=9750"}],"wp:term":[{"taxonomy":"product_brand","embeddable":true,"href":"https:\/\/lafrancepue.org\/wordpress\/wp-json\/wp\/v2\/product_brand?post=9750"},{"taxonomy":"product_cat","embeddable":true,"href":"https:\/\/lafrancepue.org\/wordpress\/wp-json\/wp\/v2\/product_cat?post=9750"},{"taxonomy":"product_tag","embeddable":true,"href":"https:\/\/lafrancepue.org\/wordpress\/wp-json\/wp\/v2\/product_tag?post=9750"}],"curies":[{"name":"wp","href":"https:\/\/api.w.org\/{rel}","templated":true}]}}